{"id":28,"date":"2023-09-11T09:41:49","date_gmt":"2023-09-11T08:41:49","guid":{"rendered":"https:\/\/www.veestal.be\/?page_id=28"},"modified":"2023-10-25T14:43:02","modified_gmt":"2023-10-25T13:43:02","slug":"over-ons","status":"publish","type":"page","link":"https:\/\/www.veestal.be\/fr\/over-ons\/","title":{"rendered":"\u00c0 propos de nous"},"content":{"rendered":"<div class=\"color-neutral-background-color color-neutral-text-contrast bg-background-color tmpl-about-13 boldgrid-section dynamic-gridblock\">\n<div class=\"container\">\n<div class=\"row\" style=\"padding-top: 50px; padding-bottom: 50px;\" data-bg-color-1=\"#EEEEEE\" data-bg-color-2=\"#EEEEEE\" data-bg-direction=\"to left\">\n<div class=\"col-md-8 col-sm-8 col-xs-12 col-lg-8\">\n<p class=\"\" style=\"font-weight: 400; color: #84bd00;\"><strong>Veestal<\/strong><\/p>\n<p class=\"\"><b>Extraordinaire \u00e0 l'int\u00e9rieur<\/b><\/p>\n<p class=\"\" style=\"background: white; margin: 7.5pt 0cm 0cm 0cm;\"><span style=\"font-family: 'Open Sans',sans-serif; color: black;\">Nous sommes une entreprise familiale belge qui g\u00e8re la conception, la production et le montage en interne afin de r\u00e9pondre de mani\u00e8re optimale et flexible aux diverses demandes concr\u00e8tes de nos clients.<\/span><\/p>\n<p class=\"\" style=\"background: white; margin: 7.5pt 0cm 0cm 0cm;\"><b><span style=\"font-family: 'Open Sans',sans-serif; color: black;\">Veestal <\/span><\/b><span style=\"font-family: 'Open Sans',sans-serif; color: black;\">propose des solutions innovantes et flexibles pour les \u00e9tables et les abris dans le secteur agricole.<\/span><\/p>\n<p class=\"\" style=\"font-weight: 400;\">&nbsp;<\/p>\n<p style=\"font-weight: 400; color: #84bd00;\"><strong>Notre Expertise<\/strong><\/p>\n<p class=\"\" style=\"background: white; margin: 7.5pt 0cm 0cm 0cm;\"><span style=\"font-family: 'Open Sans',sans-serif; color: black;\">Depuis plus de 50 ans, nous sommes sp\u00e9cialis\u00e9s dans la fourniture de structures en acier de haute qualit\u00e9 et de mat\u00e9riaux pour les fa\u00e7ades et les toits des abris, tant en Belgique qu'\u00e0 l'\u00e9tranger.<\/span><\/p>\n<p class=\"\" style=\"background: white; margin: 7.5pt 0cm 0cm 0cm;\"><span style=\"font-family: 'Open Sans',sans-serif; color: black; background: white;\">En adaptant la construction, nous avons d\u00e9velopp\u00e9 un b\u00e2timent qui fonctionne parfaitement comme une \u00e9table. Des port\u00e9es allant jusqu'\u00e0 24 m\u00e8tres peuvent \u00eatre construites sans probl\u00e8me, permettant \u00e0 chaque agriculteur de composer une \u00e9table optimale.<\/span><\/p>\n<p class=\"\" style=\"background: white; margin: 7.5pt 0cm 0cm 0cm;\"><span style=\"font-family: 'Open Sans',sans-serif; color: black;\">Accompagn\u00e9s d'une \u00e9quipe d\u00e9vou\u00e9e de collaborateurs exp\u00e9riment\u00e9s, nous proposons des solutions sur mesure qui r\u00e9pondent \u00e0 vos besoins uniques. Tout au long du processus, de la conception \u00e0 la production en passant par le montage, ainsi que dans le soutien apr\u00e8s la construction, nous restons engag\u00e9s \u00e0 vous offrir le meilleur service possible.<\/span><\/p>\n<p class=\"\" style=\"font-weight: 400;\">&nbsp;<\/p>\n<p style=\"font-weight: 400; color: #84bd00;\"><strong>Mat\u00e9riaux durables<\/strong><\/p>\n<p class=\"\" style=\"margin: 0cm; background: white;\"><span style=\"font-family: 'Open Sans',sans-serif; color: black;\">Les b\u00e2timents de <b>Veestal<\/b> sont con\u00e7us selon les normes europ\u00e9ennes strictes.<\/span><b><\/b><\/p>\n<p class=\"\" style=\"background: white; margin: 7.5pt 0cm 0cm 0cm;\"><span style=\"font-family: 'Open Sans',sans-serif; color: black;\">Nos structures en acier de haute qualit\u00e9 constituent l'\u00e9pine dorsale de votre \u00e9table. Tous les \u00e9l\u00e9ments de construction de la structure en acier robuste sont galvanis\u00e9s \u00e0 chaud pour garantir une longue dur\u00e9e de vie.<\/span><\/p>\n<p class=\"\" style=\"background: white; margin: 7.5pt 0cm 0cm 0cm;\"><span style=\"font-family: 'Open Sans',sans-serif; color: black; background: white;\">De plus, nous nous distinguons en utilisant des solutions innovantes et des produits durables et faciles d'entretien. <\/span><\/p>\n<p class=\"\" style=\"font-weight: 400;\"><strong>&nbsp;<\/strong><\/p>\n<p class=\"\" style=\"font-weight: 400; color: #84bd00;\"><strong>Ventilation<\/strong><\/p>\n<p class=\"\">Nous offrons diff\u00e9rentes possibilit\u00e9s pour la ventilation de votre \u00e9table, que ce soit par la ventilation du toit, des fa\u00e7ades ou par une combinaison des deux. Gr\u00e2ce \u00e0 un syst\u00e8me de ventilation bien pens\u00e9 dans le toit, l'\u00e9table ne se r\u00e9chauffera pas en \u00e9t\u00e9. Cependant, la luminosit\u00e9 naturelle maximale sera maintenue.<\/p>\n<p class=\"\">Nos \u00e9tables sont&nbsp;<strong>des b\u00e2timents offrant une luminosit\u00e9 naturelle maximale<\/strong>, une&nbsp;<strong>ventilation optimale<\/strong>&nbsp;et sont de plus tr\u00e8s attractifs&nbsp;<strong>en termes de prix.<\/strong>.<\/p>\n<p>&nbsp;<\/p>\n<p class=\"\" style=\"font-weight: 400; color: #84bd00;\"><strong>En interne<\/strong><\/p>\n<p class=\"\">Nous produisons tout dans notre propre usine, ce qui se traduit par des circuits courts, une qualit\u00e9 garantie et des d\u00e9lais de livraison rapides. Cela nous permet \u00e9galement de trouver une solution \u00e0 tout probl\u00e8me et de r\u00e9pondre directement \u00e0 vos besoins sp\u00e9cifiques.<\/p>\n<p class=\"\">Gr\u00e2ce \u00e0 nos solutions flexibles, il existe de nombreuses possibilit\u00e9s.<\/p>\n<p class=\"\">En termes de finition, nous pouvons proposer, selon vos besoins, diff\u00e9rents types de rev\u00eatements de fa\u00e7ade, de portes, de fen\u00eatres et de toitures.<\/p>\n<div class=\"row\" style=\"padding-top: 25px;\">\n<div class=\"col-md-6 col-sm-6 col-xs-6 col-lg-6\">\n<div>\n<p><img loading=\"lazy\" decoding=\"async\" class=\"alignnone wp-image-2112 size-full\" src=\"https:\/\/heuvel-folie-serres.com\/wp-content\/uploads\/2023\/10\/EIGEN-PRODUCTIE-S-1.jpg\" alt=\"\" width=\"1200\" height=\"709\"><\/p>\n<\/div>\n<\/div>\n<div class=\"col-md-6 col-sm-6 col-xs-6 col-lg-6\">\n<div>\n<p><img loading=\"lazy\" decoding=\"async\" class=\"alignnone wp-image-2109 size-full\" src=\"https:\/\/heuvel-folie-serres.com\/wp-content\/uploads\/2023\/10\/EIGEN-MONTAGE-S-1.jpg\" alt=\"\" width=\"1200\" height=\"709\"><\/p>\n<\/div>\n<\/div>\n<\/div>\n<\/div>\n<div class=\"col-md-4 col-sm-4 col-xs-12 col-lg-4\">\n<p class=\"\"><img loading=\"lazy\" decoding=\"async\" class=\"bg-img alignnone wp-image-2110 size-full\" src=\"https:\/\/heuvel-folie-serres.com\/wp-content\/uploads\/2023\/10\/cropped-HFS-voorzijde-scaled-1-1.jpg\" alt=\"\" width=\"2560\" height=\"1707\"><img loading=\"lazy\" decoding=\"async\" class=\"alignnone wp-image-2111 size-full\" style=\"color: #000000;\" src=\"https:\/\/heuvel-folie-serres.com\/wp-content\/uploads\/2023\/10\/EIGEN-ONTWERP-S-1.jpg\" alt=\"\" width=\"1200\" height=\"709\"><\/p>\n<\/div>\n<\/div>\n<\/div>\n<\/div>","protected":false},"excerpt":{"rendered":"<p>Veestal Buitengewoon binnen. We zijn een Belgisch familiebedrijf dat het ontwerp, de productie en de montage in eigen handen heeft zodat we optimaal en flexibel tegemoet kunnen komen aan de diverse, concrete wensen van onze klanten. Veestal biedt innovatieve en flexibele oplossingen voor stallen en overkappingen in de landbouwsector. &nbsp; Onze Expertise Al meer dan&hellip; <br \/> <a class=\"read-more\" href=\"https:\/\/www.veestal.be\/fr\/over-ons\/\">Lire la suite<\/a><\/p>","protected":false},"author":1,"featured_media":0,"parent":0,"menu_order":0,"comment_status":"closed","ping_status":"closed","template":"","meta":{"pgc_sgb_lightbox_settings":"","footnotes":""},"class_list":["post-28","page","type-page","status-publish","hentry"],"_links":{"self":[{"href":"https:\/\/www.veestal.be\/fr\/wp-json\/wp\/v2\/pages\/28","targetHints":{"allow":["GET"]}}],"collection":[{"href":"https:\/\/www.veestal.be\/fr\/wp-json\/wp\/v2\/pages"}],"about":[{"href":"https:\/\/www.veestal.be\/fr\/wp-json\/wp\/v2\/types\/page"}],"author":[{"embeddable":true,"href":"https:\/\/www.veestal.be\/fr\/wp-json\/wp\/v2\/users\/1"}],"replies":[{"embeddable":true,"href":"https:\/\/www.veestal.be\/fr\/wp-json\/wp\/v2\/comments?post=28"}],"version-history":[{"count":10,"href":"https:\/\/www.veestal.be\/fr\/wp-json\/wp\/v2\/pages\/28\/revisions"}],"predecessor-version":[{"id":3396,"href":"https:\/\/www.veestal.be\/fr\/wp-json\/wp\/v2\/pages\/28\/revisions\/3396"}],"wp:attachment":[{"href":"https:\/\/www.veestal.be\/fr\/wp-json\/wp\/v2\/media?parent=28"}],"curies":[{"name":"wp","href":"https:\/\/api.w.org\/{rel}","templated":true}]}}